{"id":1059,"date":"2023-06-05T21:53:33","date_gmt":"2023-06-06T00:53:33","guid":{"rendered":"https:\/\/www.ibzacorp.cl\/?page_id=1059"},"modified":"2023-06-05T22:01:50","modified_gmt":"2023-06-06T01:01:50","slug":"se-vende-mapulemu-puente-alto","status":"publish","type":"page","link":"https:\/\/www.ibzacorp.cl\/index.php\/ventas\/se-vende-mapulemu-puente-alto\/","title":{"rendered":"Se Vende, Mapulemu, Puente Alto"},"content":{"rendered":"\t\t<div data-elementor-type=\"wp-page\" data-elementor-id=\"1059\" class=\"elementor elementor-1059\">\n\t\t\t\t\t\t\t\t\t<section class=\"elementor-section elementor-top-section elementor-element elementor-element-3f9c1838 elementor-section-boxed elementor-section-height-default elementor-section-height-default\" data-id=\"3f9c1838\" data-element_type=\"section\" data-settings=\"{&quot;background_background&quot;:&quot;classic&quot;}\">\n\t\t\t\t\t\t\t<div class=\"elementor-background-overlay\"><\/div>\n\t\t\t\t\t\t\t<div class=\"elementor-container elementor-column-gap-default\">\n\t\t\t\t\t<div class=\"elementor-column elementor-col-100 elementor-top-column elementor-element elementor-element-28cb8859\" data-id=\"28cb8859\" data-element_type=\"column\">\n\t\t\t<div class=\"elementor-widget-wrap elementor-element-populated\">\n\t\t\t\t\t\t\t\t<div class=\"elementor-element elementor-element-de62392 elementor-widget elementor-widget-heading\" data-id=\"de62392\" data-element_type=\"widget\" data-widget_type=\"heading.default\">\n\t\t\t\t<div class=\"elementor-widget-container\">\n\t\t\t<style>\/*! elementor - v3.13.3 - 28-05-2023 *\/\n.elementor-heading-title{padding:0;margin:0;line-height:1}.elementor-widget-heading .elementor-heading-title[class*=elementor-size-]>a{color:inherit;font-size:inherit;line-height:inherit}.elementor-widget-heading .elementor-heading-title.elementor-size-small{font-size:15px}.elementor-widget-heading .elementor-heading-title.elementor-size-medium{font-size:19px}.elementor-widget-heading .elementor-heading-title.elementor-size-large{font-size:29px}.elementor-widget-heading .elementor-heading-title.elementor-size-xl{font-size:39px}.elementor-widget-heading .elementor-heading-title.elementor-size-xxl{font-size:59px}<\/style><h2 class=\"elementor-heading-title elementor-size-default\">Se vende amplia casa, Mapulemu, Puente Alto<\/h2>\t\t<\/div>\n\t\t\t\t<\/div>\n\t\t\t\t<div class=\"elementor-element elementor-element-6e6cbe40 elementor-widget elementor-widget-heading\" data-id=\"6e6cbe40\" data-element_type=\"widget\" data-widget_type=\"heading.default\">\n\t\t\t\t<div class=\"elementor-widget-container\">\n\t\t\t<h6 class=\"elementor-heading-title elementor-size-default\">Puente Alto<\/h6>\t\t<\/div>\n\t\t\t\t<\/div>\n\t\t\t\t\t<\/div>\n\t\t<\/div>\n\t\t\t\t\t\t\t<\/div>\n\t\t<\/section>\n\t\t\t\t<section class=\"elementor-section elementor-top-section elementor-element elementor-element-4c31eaff elementor-section-boxed elementor-section-height-default elementor-section-height-default\" data-id=\"4c31eaff\" data-element_type=\"section\">\n\t\t\t\t\t\t<div class=\"elementor-container elementor-column-gap-default\">\n\t\t\t\t\t<div class=\"elementor-column elementor-col-50 elementor-top-column elementor-element elementor-element-41568954\" data-id=\"41568954\" data-element_type=\"column\">\n\t\t\t<div class=\"elementor-widget-wrap elementor-element-populated\">\n\t\t\t\t\t\t\t\t<div class=\"elementor-element elementor-element-241dd2b2 elementor-widget elementor-widget-image\" data-id=\"241dd2b2\" data-element_type=\"widget\" data-widget_type=\"image.default\">\n\t\t\t\t<div class=\"elementor-widget-container\">\n\t\t\t<style>\/*! elementor - v3.13.3 - 28-05-2023 *\/\n.elementor-widget-image{text-align:center}.elementor-widget-image a{display:inline-block}.elementor-widget-image a img[src$=\".svg\"]{width:48px}.elementor-widget-image img{vertical-align:middle;display:inline-block}<\/style>\t\t\t\t\t\t\t\t\t\t\t\t<img loading=\"lazy\" decoding=\"async\" width=\"1280\" height=\"958\" src=\"https:\/\/www.ibzacorp.cl\/wp-content\/uploads\/2023\/06\/propiedad-Mapulemu-2.jpeg\" class=\"attachment-full size-full wp-image-1057\" alt=\"\" srcset=\"https:\/\/www.ibzacorp.cl\/wp-content\/uploads\/2023\/06\/propiedad-Mapulemu-2.jpeg 1280w, https:\/\/www.ibzacorp.cl\/wp-content\/uploads\/2023\/06\/propiedad-Mapulemu-2-300x225.jpeg 300w, https:\/\/www.ibzacorp.cl\/wp-content\/uploads\/2023\/06\/propiedad-Mapulemu-2-1024x766.jpeg 1024w, https:\/\/www.ibzacorp.cl\/wp-content\/uploads\/2023\/06\/propiedad-Mapulemu-2-768x575.jpeg 768w\" sizes=\"auto, (max-width: 1280px) 100vw, 1280px\" \/>\t\t\t\t\t\t\t\t\t\t\t\t\t\t\t<\/div>\n\t\t\t\t<\/div>\n\t\t\t\t\t<\/div>\n\t\t<\/div>\n\t\t\t\t<div class=\"elementor-column elementor-col-50 elementor-top-column elementor-element elementor-element-59eeb298\" data-id=\"59eeb298\" data-element_type=\"column\">\n\t\t\t<div class=\"elementor-widget-wrap elementor-element-populated\">\n\t\t\t\t\t\t\t\t<div class=\"elementor-element elementor-element-7134036c elementor-widget elementor-widget-image\" data-id=\"7134036c\" data-element_type=\"widget\" data-widget_type=\"image.default\">\n\t\t\t\t<div class=\"elementor-widget-container\">\n\t\t\t\t\t\t\t\t\t\t\t\t\t\t\t<img loading=\"lazy\" decoding=\"async\" width=\"1280\" height=\"958\" src=\"https:\/\/www.ibzacorp.cl\/wp-content\/uploads\/2023\/06\/propiedad-Mapulemu-3.jpeg\" class=\"attachment-full size-full wp-image-1056\" alt=\"\" srcset=\"https:\/\/www.ibzacorp.cl\/wp-content\/uploads\/2023\/06\/propiedad-Mapulemu-3.jpeg 1280w, https:\/\/www.ibzacorp.cl\/wp-content\/uploads\/2023\/06\/propiedad-Mapulemu-3-300x225.jpeg 300w, https:\/\/www.ibzacorp.cl\/wp-content\/uploads\/2023\/06\/propiedad-Mapulemu-3-1024x766.jpeg 1024w, https:\/\/www.ibzacorp.cl\/wp-content\/uploads\/2023\/06\/propiedad-Mapulemu-3-768x575.jpeg 768w\" sizes=\"auto, (max-width: 1280px) 100vw, 1280px\" \/>\t\t\t\t\t\t\t\t\t\t\t\t\t\t\t<\/div>\n\t\t\t\t<\/div>\n\t\t\t\t\t<\/div>\n\t\t<\/div>\n\t\t\t\t\t\t\t<\/div>\n\t\t<\/section>\n\t\t\t\t<section class=\"elementor-section elementor-top-section elementor-element elementor-element-7ef48364 elementor-section-boxed elementor-section-height-default elementor-section-height-default\" data-id=\"7ef48364\" data-element_type=\"section\">\n\t\t\t\t\t\t<div class=\"elementor-container elementor-column-gap-default\">\n\t\t\t\t\t<div class=\"elementor-column elementor-col-50 elementor-top-column elementor-element elementor-element-6c8e04fa\" data-id=\"6c8e04fa\" data-element_type=\"column\">\n\t\t\t<div class=\"elementor-widget-wrap elementor-element-populated\">\n\t\t\t\t\t\t\t\t<div class=\"elementor-element elementor-element-681891d5 elementor-widget elementor-widget-heading\" data-id=\"681891d5\" data-element_type=\"widget\" data-widget_type=\"heading.default\">\n\t\t\t\t<div class=\"elementor-widget-container\">\n\t\t\t<h2 class=\"elementor-heading-title elementor-size-default\">Se vende amplia casa, Muy buena ubicaci\u00f3n.<\/h2>\t\t<\/div>\n\t\t\t\t<\/div>\n\t\t\t\t<div class=\"elementor-element elementor-element-22519656 elementor-widget elementor-widget-text-editor\" data-id=\"22519656\" data-element_type=\"widget\" data-widget_type=\"text-editor.default\">\n\t\t\t\t<div class=\"elementor-widget-container\">\n\t\t\t<style>\/*! elementor - v3.13.3 - 28-05-2023 *\/\n.elementor-widget-text-editor.elementor-drop-cap-view-stacked .elementor-drop-cap{background-color:#69727d;color:#fff}.elementor-widget-text-editor.elementor-drop-cap-view-framed .elementor-drop-cap{color:#69727d;border:3px solid;background-color:transparent}.elementor-widget-text-editor:not(.elementor-drop-cap-view-default) .elementor-drop-cap{margin-top:8px}.elementor-widget-text-editor:not(.elementor-drop-cap-view-default) .elementor-drop-cap-letter{width:1em;height:1em}.elementor-widget-text-editor .elementor-drop-cap{float:left;text-align:center;line-height:1;font-size:50px}.elementor-widget-text-editor .elementor-drop-cap-letter{display:inline-block}<\/style>\t\t\t\t<p>4440UF precio venta.<\/p><p>Se vende linda casa aislada de dos pisos en sector residencial, tranquilo y familiar, en excelentes condiciones; emplazada en consolidado barrio residencial de la comuna de Puente Alto.<\/p><p>La ubicaci\u00f3n resalta por su car\u00e1cter residencial y familiar, a pesar de estar ubicada en sector precordillerano, tiene buena accesibilidad de locomoci\u00f3n colectiva (cuenta con paradero cercano a<br \/>la propiedad).<\/p><p>Cercana a diversos sectores de comercio, Mall Plaza Tobalaba, supermercados L\u00edder, negocios, bomba de bencina, gimnasios, centros educacionales y de salud.<\/p><p>Posee una superficie de 142m2 totales, distribuida en living-comedor, cocina independiente, amplia logia, 2 ba\u00f1os con tina, uno de ellos en habitaci\u00f3n principal, 3 dormitorios; amplio patio luminoso con quincho, espacios disponibles para juegos de terraza, plantas, etc.<\/p><p>Incluye:<\/p><p>1 estacionamiento al interior del antejard\u00edn techado.<br \/>Suministros Agua caliente: Calefont<\/p><p>La propiedad se encuentra en excelente estado de conservaci\u00f3n, totalmente habitable.<\/p>\t\t\t\t\t\t<\/div>\n\t\t\t\t<\/div>\n\t\t\t\t<div class=\"elementor-element elementor-element-52eeef3e elementor-widget elementor-widget-heading\" data-id=\"52eeef3e\" data-element_type=\"widget\" data-widget_type=\"heading.default\">\n\t\t\t\t<div class=\"elementor-widget-container\">\n\t\t\t<h2 class=\"elementor-heading-title elementor-size-default\">Ubicada en la comuna de Puente Alto<\/h2>\t\t<\/div>\n\t\t\t\t<\/div>\n\t\t\t\t<div class=\"elementor-element elementor-element-40286196 elementor-widget elementor-widget-text-editor\" data-id=\"40286196\" data-element_type=\"widget\" data-widget_type=\"text-editor.default\">\n\t\t\t\t<div class=\"elementor-widget-container\">\n\t\t\t\t\t\t\t<p>Para mayores detalles y requisitos para concretar visita comunicarse con Francisca Ib\u00e1\u00f1ez al<br \/>+56975398636 a trav\u00e9s de llamada o whatsapp.<\/p>\t\t\t\t\t\t<\/div>\n\t\t\t\t<\/div>\n\t\t\t\t\t<\/div>\n\t\t<\/div>\n\t\t\t\t<div class=\"elementor-column elementor-col-50 elementor-top-column elementor-element elementor-element-1c44e32a\" data-id=\"1c44e32a\" data-element_type=\"column\">\n\t\t\t<div class=\"elementor-widget-wrap elementor-element-populated\">\n\t\t\t\t\t\t\t\t<section class=\"elementor-section elementor-inner-section elementor-element elementor-element-731a71bf elementor-section-boxed elementor-section-height-default elementor-section-height-default\" data-id=\"731a71bf\" data-element_type=\"section\" data-settings=\"{&quot;background_background&quot;:&quot;classic&quot;}\">\n\t\t\t\t\t\t<div class=\"elementor-container elementor-column-gap-default\">\n\t\t\t\t\t<div class=\"elementor-column elementor-col-100 elementor-inner-column elementor-element elementor-element-301ac04b\" data-id=\"301ac04b\" data-element_type=\"column\">\n\t\t\t<div class=\"elementor-widget-wrap elementor-element-populated\">\n\t\t\t\t\t\t\t\t<div class=\"elementor-element elementor-element-464766bd elementor-widget elementor-widget-heading\" data-id=\"464766bd\" data-element_type=\"widget\" data-widget_type=\"heading.default\">\n\t\t\t\t<div class=\"elementor-widget-container\">\n\t\t\t<h2 class=\"elementor-heading-title elementor-size-default\">Caracter\u00edsticas\n<\/h2>\t\t<\/div>\n\t\t\t\t<\/div>\n\t\t\t\t\t<\/div>\n\t\t<\/div>\n\t\t\t\t\t\t\t<\/div>\n\t\t<\/section>\n\t\t\t\t<div class=\"elementor-element elementor-element-14a4a70b elementor-icon-list--layout-traditional elementor-list-item-link-full_width elementor-widget elementor-widget-icon-list\" data-id=\"14a4a70b\" data-element_type=\"widget\" data-widget_type=\"icon-list.default\">\n\t\t\t\t<div class=\"elementor-widget-container\">\n\t\t\t<link rel=\"stylesheet\" href=\"https:\/\/www.ibzacorp.cl\/wp-content\/plugins\/elementor\/assets\/css\/widget-icon-list.min.css\">\t\t<ul class=\"elementor-icon-list-items\">\n\t\t\t\t\t\t\t<li class=\"elementor-icon-list-item\">\n\t\t\t\t\t\t\t\t\t\t\t<span class=\"elementor-icon-list-icon\">\n\t\t\t\t\t\t\t<i aria-hidden=\"true\" class=\"fas fa-bed\"><\/i>\t\t\t\t\t\t<\/span>\n\t\t\t\t\t\t\t\t\t\t<span class=\"elementor-icon-list-text\">3 Dormitorios<\/span>\n\t\t\t\t\t\t\t\t\t<\/li>\n\t\t\t\t\t\t\t\t<li class=\"elementor-icon-list-item\">\n\t\t\t\t\t\t\t\t\t\t\t<span class=\"elementor-icon-list-icon\">\n\t\t\t\t\t\t\t<i aria-hidden=\"true\" class=\"fas fa-bath\"><\/i>\t\t\t\t\t\t<\/span>\n\t\t\t\t\t\t\t\t\t\t<span class=\"elementor-icon-list-text\">2 Ba\u00f1os<\/span>\n\t\t\t\t\t\t\t\t\t<\/li>\n\t\t\t\t\t\t\t\t<li class=\"elementor-icon-list-item\">\n\t\t\t\t\t\t\t\t\t\t\t<span class=\"elementor-icon-list-icon\">\n\t\t\t\t\t\t\t<i aria-hidden=\"true\" class=\"fas fa-expand\"><\/i>\t\t\t\t\t\t<\/span>\n\t\t\t\t\t\t\t\t\t\t<span class=\"elementor-icon-list-text\">142 mts2<\/span>\n\t\t\t\t\t\t\t\t\t<\/li>\n\t\t\t\t\t\t\t\t<li class=\"elementor-icon-list-item\">\n\t\t\t\t\t\t\t\t\t\t\t<span class=\"elementor-icon-list-icon\">\n\t\t\t\t\t\t\t<i aria-hidden=\"true\" class=\"fas fa-dollar-sign\"><\/i>\t\t\t\t\t\t<\/span>\n\t\t\t\t\t\t\t\t\t\t<span class=\"elementor-icon-list-text\">4.440 UF<\/span>\n\t\t\t\t\t\t\t\t\t<\/li>\n\t\t\t\t\t\t<\/ul>\n\t\t\t\t<\/div>\n\t\t\t\t<\/div>\n\t\t\t\t\t<\/div>\n\t\t<\/div>\n\t\t\t\t\t\t\t<\/div>\n\t\t<\/section>\n\t\t\t\t<section class=\"elementor-section elementor-top-section elementor-element elementor-element-d769044 elementor-section-boxed elementor-section-height-default elementor-section-height-default\" data-id=\"d769044\" data-element_type=\"section\">\n\t\t\t\t\t\t<div class=\"elementor-container elementor-column-gap-default\">\n\t\t\t\t\t<div class=\"elementor-column elementor-col-33 elementor-top-column elementor-element elementor-element-4666fe5\" data-id=\"4666fe5\" data-element_type=\"column\">\n\t\t\t<div class=\"elementor-widget-wrap elementor-element-populated\">\n\t\t\t\t\t\t\t\t<div class=\"elementor-element elementor-element-c79f3dc elementor-widget elementor-widget-image\" data-id=\"c79f3dc\" data-element_type=\"widget\" data-widget_type=\"image.default\">\n\t\t\t\t<div class=\"elementor-widget-container\">\n\t\t\t\t\t\t\t\t\t\t\t\t\t\t\t<img loading=\"lazy\" decoding=\"async\" width=\"800\" height=\"598\" src=\"https:\/\/www.ibzacorp.cl\/wp-content\/uploads\/2023\/06\/propiedad-Mapulemu-3-1024x766.jpeg\" class=\"attachment-large size-large wp-image-1056\" alt=\"\" srcset=\"https:\/\/www.ibzacorp.cl\/wp-content\/uploads\/2023\/06\/propiedad-Mapulemu-3-1024x766.jpeg 1024w, https:\/\/www.ibzacorp.cl\/wp-content\/uploads\/2023\/06\/propiedad-Mapulemu-3-300x225.jpeg 300w, https:\/\/www.ibzacorp.cl\/wp-content\/uploads\/2023\/06\/propiedad-Mapulemu-3-768x575.jpeg 768w, https:\/\/www.ibzacorp.cl\/wp-content\/uploads\/2023\/06\/propiedad-Mapulemu-3.jpeg 1280w\" sizes=\"auto, (max-width: 800px) 100vw, 800px\" \/>\t\t\t\t\t\t\t\t\t\t\t\t\t\t\t<\/div>\n\t\t\t\t<\/div>\n\t\t\t\t\t<\/div>\n\t\t<\/div>\n\t\t\t\t<div class=\"elementor-column elementor-col-66 elementor-top-column elementor-element elementor-element-7827abd\" data-id=\"7827abd\" data-element_type=\"column\">\n\t\t\t<div class=\"elementor-widget-wrap elementor-element-populated\">\n\t\t\t\t\t\t\t\t<div class=\"elementor-element elementor-element-910c3b5 elementor-arrows-position-inside elementor-pagination-position-outside elementor-widget elementor-widget-image-carousel\" data-id=\"910c3b5\" data-element_type=\"widget\" data-settings=\"{&quot;navigation&quot;:&quot;both&quot;,&quot;autoplay&quot;:&quot;yes&quot;,&quot;pause_on_hover&quot;:&quot;yes&quot;,&quot;pause_on_interaction&quot;:&quot;yes&quot;,&quot;autoplay_speed&quot;:5000,&quot;infinite&quot;:&quot;yes&quot;,&quot;speed&quot;:500}\" data-widget_type=\"image-carousel.default\">\n\t\t\t\t<div class=\"elementor-widget-container\">\n\t\t\t<style>\/*! elementor - v3.13.3 - 28-05-2023 *\/\n.elementor-widget-image-carousel .swiper,.elementor-widget-image-carousel .swiper-container{position:static}.elementor-widget-image-carousel .swiper-container .swiper-slide figure,.elementor-widget-image-carousel .swiper .swiper-slide figure{line-height:inherit}.elementor-widget-image-carousel .swiper-slide{text-align:center}.elementor-image-carousel-wrapper:not(.swiper-container-initialized):not(.swiper-initialized) .swiper-slide{max-width:calc(100% \/ var(--e-image-carousel-slides-to-show, 3))}<\/style>\t\t<div class=\"elementor-image-carousel-wrapper swiper-container\" dir=\"ltr\">\n\t\t\t<div class=\"elementor-image-carousel swiper-wrapper\">\n\t\t\t\t\t\t\t\t<div class=\"swiper-slide\"><figure class=\"swiper-slide-inner\"><img decoding=\"async\" class=\"swiper-slide-image\" src=\"https:\/\/www.ibzacorp.cl\/wp-content\/uploads\/2023\/06\/Se-vende-linda-casa-3D-2B-Puente-Alto-en-venta-150x150.jpeg\" alt=\"Se vende linda casa 3D+ 2B, Puente Alto (en venta)\" \/><\/figure><\/div><div class=\"swiper-slide\"><figure class=\"swiper-slide-inner\"><img decoding=\"async\" class=\"swiper-slide-image\" src=\"https:\/\/www.ibzacorp.cl\/wp-content\/uploads\/2023\/06\/propiedad-Mapulemu-2-150x150.jpeg\" alt=\"propiedad Mapulemu (2)\" \/><\/figure><\/div><div class=\"swiper-slide\"><figure class=\"swiper-slide-inner\"><img decoding=\"async\" class=\"swiper-slide-image\" src=\"https:\/\/www.ibzacorp.cl\/wp-content\/uploads\/2023\/06\/propiedad-Mapulemu-3-150x150.jpeg\" alt=\"propiedad Mapulemu (3)\" \/><\/figure><\/div>\t\t\t<\/div>\n\t\t\t\t\t\t\t\t\t\t\t\t<div class=\"swiper-pagination\"><\/div>\n\t\t\t\t\t\t\t\t\t\t\t\t\t<div class=\"elementor-swiper-button elementor-swiper-button-prev\" role=\"button\" tabindex=\"0\">\n\t\t\t\t\t\t<i aria-hidden=\"true\" class=\"eicon-chevron-left\"><\/i>\t\t\t\t\t\t<span class=\"elementor-screen-only\">Previous image<\/span>\n\t\t\t\t\t<\/div>\n\t\t\t\t\t<div class=\"elementor-swiper-button elementor-swiper-button-next\" role=\"button\" tabindex=\"0\">\n\t\t\t\t\t\t<i aria-hidden=\"true\" class=\"eicon-chevron-right\"><\/i>\t\t\t\t\t\t<span class=\"elementor-screen-only\">Next image<\/span>\n\t\t\t\t\t<\/div>\n\t\t\t\t\t\t\t\t\t<\/div>\n\t\t\t\t<\/div>\n\t\t\t\t<\/div>\n\t\t\t\t\t<\/div>\n\t\t<\/div>\n\t\t\t\t\t\t\t<\/div>\n\t\t<\/section>\n\t\t\t\t\t\t\t<\/div>\n\t\t","protected":false},"excerpt":{"rendered":"<p>Se vende amplia casa, Mapulemu, Puente Alto Puente Alto Se vende amplia casa, Muy buena ubicaci\u00f3n. 4440UF precio venta. Se vende linda casa aislada de dos pisos en sector residencial, tranquilo y familiar, en excelentes condiciones; emplazada en consolidado barrio residencial de la comuna de Puente Alto. La ubicaci\u00f3n resalta por su car\u00e1cter residencial y [&hellip;]<\/p>\n","protected":false},"author":1,"featured_media":0,"parent":350,"menu_order":0,"comment_status":"closed","ping_status":"closed","template":"elementor_header_footer","meta":{"footnotes":""},"class_list":["post-1059","page","type-page","status-publish","hentry"],"_links":{"self":[{"href":"https:\/\/www.ibzacorp.cl\/index.php\/wp-json\/wp\/v2\/pages\/1059","targetHints":{"allow":["GET"]}}],"collection":[{"href":"https:\/\/www.ibzacorp.cl\/index.php\/wp-json\/wp\/v2\/pages"}],"about":[{"href":"https:\/\/www.ibzacorp.cl\/index.php\/wp-json\/wp\/v2\/types\/page"}],"author":[{"embeddable":true,"href":"https:\/\/www.ibzacorp.cl\/index.php\/wp-json\/wp\/v2\/users\/1"}],"replies":[{"embeddable":true,"href":"https:\/\/www.ibzacorp.cl\/index.php\/wp-json\/wp\/v2\/comments?post=1059"}],"version-history":[{"count":4,"href":"https:\/\/www.ibzacorp.cl\/index.php\/wp-json\/wp\/v2\/pages\/1059\/revisions"}],"predecessor-version":[{"id":1067,"href":"https:\/\/www.ibzacorp.cl\/index.php\/wp-json\/wp\/v2\/pages\/1059\/revisions\/1067"}],"up":[{"embeddable":true,"href":"https:\/\/www.ibzacorp.cl\/index.php\/wp-json\/wp\/v2\/pages\/350"}],"wp:attachment":[{"href":"https:\/\/www.ibzacorp.cl\/index.php\/wp-json\/wp\/v2\/media?parent=1059"}],"curies":[{"name":"wp","href":"https:\/\/api.w.org\/{rel}","templated":true}]}}