{"id":1101,"date":"2023-06-05T22:36:25","date_gmt":"2023-06-06T01:36:25","guid":{"rendered":"https:\/\/www.ibzacorp.cl\/?page_id=1101"},"modified":"2023-06-20T20:01:27","modified_gmt":"2023-06-20T23:01:27","slug":"ventas-atahualpa-la-florida","status":"publish","type":"page","link":"https:\/\/www.ibzacorp.cl\/index.php\/ventas\/ventas-atahualpa-la-florida\/","title":{"rendered":"Se vende lindo Dpto. 3D+2B, La Florida"},"content":{"rendered":"\t\t<div data-elementor-type=\"wp-page\" data-elementor-id=\"1101\" class=\"elementor elementor-1101\">\n\t\t\t\t\t\t\t\t\t<section class=\"elementor-section elementor-top-section elementor-element elementor-element-9d197b4 elementor-section-boxed elementor-section-height-default elementor-section-height-default\" data-id=\"9d197b4\" data-element_type=\"section\" data-settings=\"{&quot;background_background&quot;:&quot;classic&quot;}\">\n\t\t\t\t\t\t\t<div class=\"elementor-background-overlay\"><\/div>\n\t\t\t\t\t\t\t<div class=\"elementor-container elementor-column-gap-default\">\n\t\t\t\t\t<div class=\"elementor-column elementor-col-100 elementor-top-column elementor-element elementor-element-72325dcd\" data-id=\"72325dcd\" data-element_type=\"column\">\n\t\t\t<div class=\"elementor-widget-wrap elementor-element-populated\">\n\t\t\t\t\t\t\t\t<div class=\"elementor-element elementor-element-3aa856d elementor-widget elementor-widget-heading\" data-id=\"3aa856d\" data-element_type=\"widget\" data-widget_type=\"heading.default\">\n\t\t\t\t<div class=\"elementor-widget-container\">\n\t\t\t<style>\/*! elementor - v3.13.3 - 28-05-2023 *\/\n.elementor-heading-title{padding:0;margin:0;line-height:1}.elementor-widget-heading .elementor-heading-title[class*=elementor-size-]>a{color:inherit;font-size:inherit;line-height:inherit}.elementor-widget-heading .elementor-heading-title.elementor-size-small{font-size:15px}.elementor-widget-heading .elementor-heading-title.elementor-size-medium{font-size:19px}.elementor-widget-heading .elementor-heading-title.elementor-size-large{font-size:29px}.elementor-widget-heading .elementor-heading-title.elementor-size-xl{font-size:39px}.elementor-widget-heading .elementor-heading-title.elementor-size-xxl{font-size:59px}<\/style><h2 class=\"elementor-heading-title elementor-size-default\">Se vende lindo Dpto. 3D+2B<\/h2>\t\t<\/div>\n\t\t\t\t<\/div>\n\t\t\t\t<div class=\"elementor-element elementor-element-28cca07c elementor-widget elementor-widget-heading\" data-id=\"28cca07c\" data-element_type=\"widget\" data-widget_type=\"heading.default\">\n\t\t\t\t<div class=\"elementor-widget-container\">\n\t\t\t<h6 class=\"elementor-heading-title elementor-size-default\">La Florida<\/h6>\t\t<\/div>\n\t\t\t\t<\/div>\n\t\t\t\t\t<\/div>\n\t\t<\/div>\n\t\t\t\t\t\t\t<\/div>\n\t\t<\/section>\n\t\t\t\t<section class=\"elementor-section elementor-top-section elementor-element elementor-element-163431af elementor-section-boxed elementor-section-height-default elementor-section-height-default\" data-id=\"163431af\" data-element_type=\"section\">\n\t\t\t\t\t\t<div class=\"elementor-container elementor-column-gap-default\">\n\t\t\t\t\t<div class=\"elementor-column elementor-col-50 elementor-top-column elementor-element elementor-element-1bbc05d9\" data-id=\"1bbc05d9\" data-element_type=\"column\">\n\t\t\t<div class=\"elementor-widget-wrap elementor-element-populated\">\n\t\t\t\t\t\t\t\t<div class=\"elementor-element elementor-element-94aaad0 elementor-widget elementor-widget-image\" data-id=\"94aaad0\" data-element_type=\"widget\" data-widget_type=\"image.default\">\n\t\t\t\t<div class=\"elementor-widget-container\">\n\t\t\t<style>\/*! elementor - v3.13.3 - 28-05-2023 *\/\n.elementor-widget-image{text-align:center}.elementor-widget-image a{display:inline-block}.elementor-widget-image a img[src$=\".svg\"]{width:48px}.elementor-widget-image img{vertical-align:middle;display:inline-block}<\/style>\t\t\t\t\t\t\t\t\t\t\t\t<img loading=\"lazy\" decoding=\"async\" width=\"1600\" height=\"1200\" src=\"https:\/\/www.ibzacorp.cl\/wp-content\/uploads\/2023\/06\/Se-vende-lindo-depto-3D2B-La-Florida.jpg\" class=\"attachment-full size-full wp-image-1100\" alt=\"\" srcset=\"https:\/\/www.ibzacorp.cl\/wp-content\/uploads\/2023\/06\/Se-vende-lindo-depto-3D2B-La-Florida.jpg 1600w, https:\/\/www.ibzacorp.cl\/wp-content\/uploads\/2023\/06\/Se-vende-lindo-depto-3D2B-La-Florida-300x225.jpg 300w, https:\/\/www.ibzacorp.cl\/wp-content\/uploads\/2023\/06\/Se-vende-lindo-depto-3D2B-La-Florida-1024x768.jpg 1024w, https:\/\/www.ibzacorp.cl\/wp-content\/uploads\/2023\/06\/Se-vende-lindo-depto-3D2B-La-Florida-768x576.jpg 768w, https:\/\/www.ibzacorp.cl\/wp-content\/uploads\/2023\/06\/Se-vende-lindo-depto-3D2B-La-Florida-1536x1152.jpg 1536w\" sizes=\"auto, (max-width: 1600px) 100vw, 1600px\" \/>\t\t\t\t\t\t\t\t\t\t\t\t\t\t\t<\/div>\n\t\t\t\t<\/div>\n\t\t\t\t\t<\/div>\n\t\t<\/div>\n\t\t\t\t<div class=\"elementor-column elementor-col-50 elementor-top-column elementor-element elementor-element-5563f017\" data-id=\"5563f017\" data-element_type=\"column\">\n\t\t\t<div class=\"elementor-widget-wrap elementor-element-populated\">\n\t\t\t\t\t\t\t\t<div class=\"elementor-element elementor-element-3036d0af elementor-widget elementor-widget-image\" data-id=\"3036d0af\" data-element_type=\"widget\" data-widget_type=\"image.default\">\n\t\t\t\t<div class=\"elementor-widget-container\">\n\t\t\t\t\t\t\t\t\t\t\t\t\t\t\t<img loading=\"lazy\" decoding=\"async\" width=\"1036\" height=\"1280\" src=\"https:\/\/www.ibzacorp.cl\/wp-content\/uploads\/2023\/06\/propiedad-Atahualpa.jpg\" class=\"attachment-full size-full wp-image-1099\" alt=\"\" srcset=\"https:\/\/www.ibzacorp.cl\/wp-content\/uploads\/2023\/06\/propiedad-Atahualpa.jpg 1036w, https:\/\/www.ibzacorp.cl\/wp-content\/uploads\/2023\/06\/propiedad-Atahualpa-243x300.jpg 243w, https:\/\/www.ibzacorp.cl\/wp-content\/uploads\/2023\/06\/propiedad-Atahualpa-829x1024.jpg 829w, https:\/\/www.ibzacorp.cl\/wp-content\/uploads\/2023\/06\/propiedad-Atahualpa-768x949.jpg 768w\" sizes=\"auto, (max-width: 1036px) 100vw, 1036px\" \/>\t\t\t\t\t\t\t\t\t\t\t\t\t\t\t<\/div>\n\t\t\t\t<\/div>\n\t\t\t\t\t<\/div>\n\t\t<\/div>\n\t\t\t\t\t\t\t<\/div>\n\t\t<\/section>\n\t\t\t\t<section class=\"elementor-section elementor-top-section elementor-element elementor-element-291ffae8 elementor-section-boxed elementor-section-height-default elementor-section-height-default\" data-id=\"291ffae8\" data-element_type=\"section\">\n\t\t\t\t\t\t<div class=\"elementor-container elementor-column-gap-default\">\n\t\t\t\t\t<div class=\"elementor-column elementor-col-50 elementor-top-column elementor-element elementor-element-6d72bdd\" data-id=\"6d72bdd\" data-element_type=\"column\">\n\t\t\t<div class=\"elementor-widget-wrap elementor-element-populated\">\n\t\t\t\t\t\t\t\t<div class=\"elementor-element elementor-element-4272129d elementor-widget elementor-widget-heading\" data-id=\"4272129d\" data-element_type=\"widget\" data-widget_type=\"heading.default\">\n\t\t\t\t<div class=\"elementor-widget-container\">\n\t\t\t<h2 class=\"elementor-heading-title elementor-size-default\">Se vende lindo Dpto. 3D+2B, La Florida<\/h2>\t\t<\/div>\n\t\t\t\t<\/div>\n\t\t\t\t<div class=\"elementor-element elementor-element-3f56a964 elementor-widget elementor-widget-text-editor\" data-id=\"3f56a964\" data-element_type=\"widget\" data-widget_type=\"text-editor.default\">\n\t\t\t\t<div class=\"elementor-widget-container\">\n\t\t\t<style>\/*! elementor - v3.13.3 - 28-05-2023 *\/\n.elementor-widget-text-editor.elementor-drop-cap-view-stacked .elementor-drop-cap{background-color:#69727d;color:#fff}.elementor-widget-text-editor.elementor-drop-cap-view-framed .elementor-drop-cap{color:#69727d;border:3px solid;background-color:transparent}.elementor-widget-text-editor:not(.elementor-drop-cap-view-default) .elementor-drop-cap{margin-top:8px}.elementor-widget-text-editor:not(.elementor-drop-cap-view-default) .elementor-drop-cap-letter{width:1em;height:1em}.elementor-widget-text-editor .elementor-drop-cap{float:left;text-align:center;line-height:1;font-size:50px}.elementor-widget-text-editor .elementor-drop-cap-letter{display:inline-block}<\/style>\t\t\t\t<p>3800UF precio venta.<\/p><p>Se vende amplio y moderno departamento, en excelente condiciones, ubicado en primer piso con patio propio; emplazado en consolidado barrio residencial de la comuna de La Florida.<\/p><p>La ubicaci\u00f3n resalta por su car\u00e1cter residencial y familiar, full conectividad por cercan\u00eda a estaciones de metro Mirador Azul, Bellavista (L5), Vicu\u00f1a Mackenna (L4,L4A), avenidas Vicu\u00f1a<br \/>Mackenna oriente y poniente, y autopista Vespucio.<\/p><p>Posee una superficie aproximada de 120 m2, distribuida: 75,90m2, en living-comedor, cocina, logia, 2 ba\u00f1os con shower doors, uno de ellos en habitaci\u00f3n principal, 3 dormitorios, cocina, logia y<br \/>conexi\u00f3n a lavadora; amplio patio luminoso de 40m2 m\u00e1s 2,60m2 de terraza (balc\u00f3n), espacios disponibles para juegos de terraza, parrilla, plantas, etc., un complemento ideal para m\u00faltiples actividades.<\/p><p>El departamento se encuentra reci\u00e9n remodelado, tanto estructuralmente como en sus instalaciones y terminaciones (techo, piso, iluminaci\u00f3n, ba\u00f1os, closet, living comedor y dormitorios)<\/p><p>Incluye:<br \/>1 estacionamiento<\/p><p>1 bodega<\/p><p>Suministros Agua caliente: Calefont<\/p>\t\t\t\t\t\t<\/div>\n\t\t\t\t<\/div>\n\t\t\t\t<div class=\"elementor-element elementor-element-4310ed45 elementor-widget elementor-widget-heading\" data-id=\"4310ed45\" data-element_type=\"widget\" data-widget_type=\"heading.default\">\n\t\t\t\t<div class=\"elementor-widget-container\">\n\t\t\t<h2 class=\"elementor-heading-title elementor-size-default\">El condominio se encuentra inmerso en contundentes \u00e1reas verdes.<\/h2>\t\t<\/div>\n\t\t\t\t<\/div>\n\t\t\t\t<div class=\"elementor-element elementor-element-195f8248 elementor-widget elementor-widget-text-editor\" data-id=\"195f8248\" data-element_type=\"widget\" data-widget_type=\"text-editor.default\">\n\t\t\t\t<div class=\"elementor-widget-container\">\n\t\t\t\t\t\t\t<p>El condominio se encuentra inmerso en contundentes \u00e1reas verdes, con \u00e1rboles y sectores de descanso, piscina, cancha de baby f\u00fatbol y basquetbol, sala multiuso, gimnasio, jard\u00edn de juegos para ni\u00f1os y conserjer\u00eda en dos entradas con acceso controlado por c\u00e1maras las 24hrs.<\/p><p>El equipamiento del sector est\u00e1 definido por colegios, universidades, cl\u00ednicas (Bupa, D\u00e1vila Vespucio), jardines infantiles, centros m\u00e9dicos, supermercados (Jumbo, L\u00edder, Unimarc, Mayorista<br \/>Diez) y centros comerciales (Florida Center y Plaza Vespucio), adem\u00e1s todo tipo de servicios p\u00fablicos y privados de f\u00e1cil acceso.<\/p>\t\t\t\t\t\t<\/div>\n\t\t\t\t<\/div>\n\t\t\t\t\t<\/div>\n\t\t<\/div>\n\t\t\t\t<div class=\"elementor-column elementor-col-50 elementor-top-column elementor-element elementor-element-10203ade\" data-id=\"10203ade\" data-element_type=\"column\">\n\t\t\t<div class=\"elementor-widget-wrap elementor-element-populated\">\n\t\t\t\t\t\t\t\t<section class=\"elementor-section elementor-inner-section elementor-element elementor-element-56ed286c elementor-section-boxed elementor-section-height-default elementor-section-height-default\" data-id=\"56ed286c\" data-element_type=\"section\" data-settings=\"{&quot;background_background&quot;:&quot;classic&quot;}\">\n\t\t\t\t\t\t<div class=\"elementor-container elementor-column-gap-default\">\n\t\t\t\t\t<div class=\"elementor-column elementor-col-100 elementor-inner-column elementor-element elementor-element-3ae2cee8\" data-id=\"3ae2cee8\" data-element_type=\"column\">\n\t\t\t<div class=\"elementor-widget-wrap elementor-element-populated\">\n\t\t\t\t\t\t\t\t<div class=\"elementor-element elementor-element-11b16b41 elementor-widget elementor-widget-heading\" data-id=\"11b16b41\" data-element_type=\"widget\" data-widget_type=\"heading.default\">\n\t\t\t\t<div class=\"elementor-widget-container\">\n\t\t\t<h2 class=\"elementor-heading-title elementor-size-default\">Caracter\u00edsticas <\/h2>\t\t<\/div>\n\t\t\t\t<\/div>\n\t\t\t\t<div class=\"elementor-element elementor-element-3c2de7c6 elementor-icon-list--layout-traditional elementor-list-item-link-full_width elementor-widget elementor-widget-icon-list\" data-id=\"3c2de7c6\" data-element_type=\"widget\" data-widget_type=\"icon-list.default\">\n\t\t\t\t<div class=\"elementor-widget-container\">\n\t\t\t<link rel=\"stylesheet\" href=\"https:\/\/www.ibzacorp.cl\/wp-content\/plugins\/elementor\/assets\/css\/widget-icon-list.min.css\">\t\t<ul class=\"elementor-icon-list-items\">\n\t\t\t\t\t\t\t<li class=\"elementor-icon-list-item\">\n\t\t\t\t\t\t\t\t\t\t\t<span class=\"elementor-icon-list-icon\">\n\t\t\t\t\t\t\t<i aria-hidden=\"true\" class=\"fas fa-bed\"><\/i>\t\t\t\t\t\t<\/span>\n\t\t\t\t\t\t\t\t\t\t<span class=\"elementor-icon-list-text\">3 Dormitorios <\/span>\n\t\t\t\t\t\t\t\t\t<\/li>\n\t\t\t\t\t\t\t\t<li class=\"elementor-icon-list-item\">\n\t\t\t\t\t\t\t\t\t\t\t<span class=\"elementor-icon-list-icon\">\n\t\t\t\t\t\t\t<i aria-hidden=\"true\" class=\"fas fa-bath\"><\/i>\t\t\t\t\t\t<\/span>\n\t\t\t\t\t\t\t\t\t\t<span class=\"elementor-icon-list-text\">2 Ba\u00f1os<\/span>\n\t\t\t\t\t\t\t\t\t<\/li>\n\t\t\t\t\t\t\t\t<li class=\"elementor-icon-list-item\">\n\t\t\t\t\t\t\t\t\t\t\t<span class=\"elementor-icon-list-icon\">\n\t\t\t\t\t\t\t<i aria-hidden=\"true\" class=\"fas fa-expand\"><\/i>\t\t\t\t\t\t<\/span>\n\t\t\t\t\t\t\t\t\t\t<span class=\"elementor-icon-list-text\">120 mts2<\/span>\n\t\t\t\t\t\t\t\t\t<\/li>\n\t\t\t\t\t\t\t\t<li class=\"elementor-icon-list-item\">\n\t\t\t\t\t\t\t\t\t\t\t<span class=\"elementor-icon-list-icon\">\n\t\t\t\t\t\t\t<i aria-hidden=\"true\" class=\"fas fa-car\"><\/i>\t\t\t\t\t\t<\/span>\n\t\t\t\t\t\t\t\t\t\t<span class=\"elementor-icon-list-text\">1 Estacionamiento<\/span>\n\t\t\t\t\t\t\t\t\t<\/li>\n\t\t\t\t\t\t\t\t<li class=\"elementor-icon-list-item\">\n\t\t\t\t\t\t\t\t\t\t\t<span class=\"elementor-icon-list-icon\">\n\t\t\t\t\t\t\t<i aria-hidden=\"true\" class=\"fas fa-hand-point-right\"><\/i>\t\t\t\t\t\t<\/span>\n\t\t\t\t\t\t\t\t\t\t<span class=\"elementor-icon-list-text\">1 Bodega<\/span>\n\t\t\t\t\t\t\t\t\t<\/li>\n\t\t\t\t\t\t<\/ul>\n\t\t\t\t<\/div>\n\t\t\t\t<\/div>\n\t\t\t\t\t<\/div>\n\t\t<\/div>\n\t\t\t\t\t\t\t<\/div>\n\t\t<\/section>\n\t\t\t\t<section class=\"elementor-section elementor-inner-section elementor-element elementor-element-51a0aaef elementor-section-boxed elementor-section-height-default elementor-section-height-default\" data-id=\"51a0aaef\" data-element_type=\"section\">\n\t\t\t\t\t\t<div class=\"elementor-container elementor-column-gap-default\">\n\t\t\t\t\t<div class=\"elementor-column elementor-col-100 elementor-inner-column elementor-element elementor-element-6ca19e9a\" data-id=\"6ca19e9a\" data-element_type=\"column\">\n\t\t\t<div class=\"elementor-widget-wrap\">\n\t\t\t\t\t\t\t\t\t<\/div>\n\t\t<\/div>\n\t\t\t\t\t\t\t<\/div>\n\t\t<\/section>\n\t\t\t\t\t<\/div>\n\t\t<\/div>\n\t\t\t\t\t\t\t<\/div>\n\t\t<\/section>\n\t\t\t\t\t\t\t<\/div>\n\t\t","protected":false},"excerpt":{"rendered":"<p>Se vende lindo Dpto. 3D+2B La Florida Se vende lindo Dpto. 3D+2B, La Florida 3800UF precio venta. Se vende amplio y moderno departamento, en excelente condiciones, ubicado en primer piso con patio propio; emplazado en consolidado barrio residencial de la comuna de La Florida. La ubicaci\u00f3n resalta por su car\u00e1cter residencial y familiar, full conectividad [&hellip;]<\/p>\n","protected":false},"author":1,"featured_media":0,"parent":350,"menu_order":0,"comment_status":"closed","ping_status":"closed","template":"","meta":{"footnotes":""},"class_list":["post-1101","page","type-page","status-publish","hentry"],"_links":{"self":[{"href":"https:\/\/www.ibzacorp.cl\/index.php\/wp-json\/wp\/v2\/pages\/1101","targetHints":{"allow":["GET"]}}],"collection":[{"href":"https:\/\/www.ibzacorp.cl\/index.php\/wp-json\/wp\/v2\/pages"}],"about":[{"href":"https:\/\/www.ibzacorp.cl\/index.php\/wp-json\/wp\/v2\/types\/page"}],"author":[{"embeddable":true,"href":"https:\/\/www.ibzacorp.cl\/index.php\/wp-json\/wp\/v2\/users\/1"}],"replies":[{"embeddable":true,"href":"https:\/\/www.ibzacorp.cl\/index.php\/wp-json\/wp\/v2\/comments?post=1101"}],"version-history":[{"count":13,"href":"https:\/\/www.ibzacorp.cl\/index.php\/wp-json\/wp\/v2\/pages\/1101\/revisions"}],"predecessor-version":[{"id":1187,"href":"https:\/\/www.ibzacorp.cl\/index.php\/wp-json\/wp\/v2\/pages\/1101\/revisions\/1187"}],"up":[{"embeddable":true,"href":"https:\/\/www.ibzacorp.cl\/index.php\/wp-json\/wp\/v2\/pages\/350"}],"wp:attachment":[{"href":"https:\/\/www.ibzacorp.cl\/index.php\/wp-json\/wp\/v2\/media?parent=1101"}],"curies":[{"name":"wp","href":"https:\/\/api.w.org\/{rel}","templated":true}]}}