{"id":930,"date":"2023-05-31T21:01:09","date_gmt":"2023-06-01T00:01:09","guid":{"rendered":"https:\/\/www.ibzacorp.cl\/?page_id=930"},"modified":"2023-05-31T21:05:29","modified_gmt":"2023-06-01T00:05:29","slug":"dpto-san-eugenio-nunoa-2d2b","status":"publish","type":"page","link":"https:\/\/www.ibzacorp.cl\/index.php\/arriendos\/dpto-san-eugenio-nunoa-2d2b\/","title":{"rendered":"Dpto. San Eugenio \u00d1u\u00f1oa 2D+2B"},"content":{"rendered":"\t\t<div data-elementor-type=\"wp-page\" data-elementor-id=\"930\" class=\"elementor elementor-930\">\n\t\t\t\t\t\t\t\t\t<section class=\"elementor-section elementor-top-section elementor-element elementor-element-2612db95 elementor-section-boxed elementor-section-height-default elementor-section-height-default\" data-id=\"2612db95\" data-element_type=\"section\">\n\t\t\t\t\t\t<div class=\"elementor-container elementor-column-gap-default\">\n\t\t\t\t\t<div class=\"elementor-column elementor-col-100 elementor-top-column elementor-element elementor-element-49725630\" data-id=\"49725630\" data-element_type=\"column\">\n\t\t\t<div class=\"elementor-widget-wrap elementor-element-populated\">\n\t\t\t\t\t\t\t\t<section class=\"elementor-section elementor-inner-section elementor-element elementor-element-20637589 elementor-section-boxed elementor-section-height-default elementor-section-height-default\" data-id=\"20637589\" data-element_type=\"section\">\n\t\t\t\t\t\t<div class=\"elementor-container elementor-column-gap-default\">\n\t\t\t\t\t<div class=\"elementor-column elementor-col-100 elementor-inner-column elementor-element elementor-element-f5a66a5\" data-id=\"f5a66a5\" data-element_type=\"column\">\n\t\t\t<div class=\"elementor-widget-wrap\">\n\t\t\t\t\t\t\t\t\t<\/div>\n\t\t<\/div>\n\t\t\t\t\t\t\t<\/div>\n\t\t<\/section>\n\t\t\t\t\t<\/div>\n\t\t<\/div>\n\t\t\t\t\t\t\t<\/div>\n\t\t<\/section>\n\t\t\t\t<section class=\"elementor-section elementor-top-section elementor-element elementor-element-156fa5a6 elementor-section-boxed elementor-section-height-default elementor-section-height-default\" data-id=\"156fa5a6\" data-element_type=\"section\" data-settings=\"{&quot;background_background&quot;:&quot;classic&quot;}\">\n\t\t\t\t\t\t\t<div class=\"elementor-background-overlay\"><\/div>\n\t\t\t\t\t\t\t<div class=\"elementor-container elementor-column-gap-default\">\n\t\t\t\t\t<div class=\"elementor-column elementor-col-100 elementor-top-column elementor-element elementor-element-3cadcaa2\" data-id=\"3cadcaa2\" data-element_type=\"column\">\n\t\t\t<div class=\"elementor-widget-wrap elementor-element-populated\">\n\t\t\t\t\t\t\t\t<div class=\"elementor-element elementor-element-7ef4816c elementor-widget elementor-widget-heading\" data-id=\"7ef4816c\" data-element_type=\"widget\" data-widget_type=\"heading.default\">\n\t\t\t\t<div class=\"elementor-widget-container\">\n\t\t\t<style>\/*! elementor - v3.13.3 - 28-05-2023 *\/\n.elementor-heading-title{padding:0;margin:0;line-height:1}.elementor-widget-heading .elementor-heading-title[class*=elementor-size-]>a{color:inherit;font-size:inherit;line-height:inherit}.elementor-widget-heading .elementor-heading-title.elementor-size-small{font-size:15px}.elementor-widget-heading .elementor-heading-title.elementor-size-medium{font-size:19px}.elementor-widget-heading .elementor-heading-title.elementor-size-large{font-size:29px}.elementor-widget-heading .elementor-heading-title.elementor-size-xl{font-size:39px}.elementor-widget-heading .elementor-heading-title.elementor-size-xxl{font-size:59px}<\/style><h2 class=\"elementor-heading-title elementor-size-default\">Depto San Eugenio \u00d1u\u00f1oa 2D+2B<\/h2>\t\t<\/div>\n\t\t\t\t<\/div>\n\t\t\t\t<div class=\"elementor-element elementor-element-6d3169e4 elementor-widget elementor-widget-heading\" data-id=\"6d3169e4\" data-element_type=\"widget\" data-widget_type=\"heading.default\">\n\t\t\t\t<div class=\"elementor-widget-container\">\n\t\t\t<h6 class=\"elementor-heading-title elementor-size-default\">\u00d1u\u00f1oa<\/h6>\t\t<\/div>\n\t\t\t\t<\/div>\n\t\t\t\t\t<\/div>\n\t\t<\/div>\n\t\t\t\t\t\t\t<\/div>\n\t\t<\/section>\n\t\t\t\t<section class=\"elementor-section elementor-top-section elementor-element elementor-element-205dfa90 elementor-section-boxed elementor-section-height-default elementor-section-height-default\" data-id=\"205dfa90\" data-element_type=\"section\">\n\t\t\t\t\t\t<div class=\"elementor-container elementor-column-gap-default\">\n\t\t\t\t\t<div class=\"elementor-column elementor-col-50 elementor-top-column elementor-element elementor-element-3ec04e2\" data-id=\"3ec04e2\" data-element_type=\"column\">\n\t\t\t<div class=\"elementor-widget-wrap elementor-element-populated\">\n\t\t\t\t\t\t\t\t<div class=\"elementor-element elementor-element-60b40ba3 elementor-widget elementor-widget-image\" data-id=\"60b40ba3\" data-element_type=\"widget\" data-widget_type=\"image.default\">\n\t\t\t\t<div class=\"elementor-widget-container\">\n\t\t\t<style>\/*! elementor - v3.13.3 - 28-05-2023 *\/\n.elementor-widget-image{text-align:center}.elementor-widget-image a{display:inline-block}.elementor-widget-image a img[src$=\".svg\"]{width:48px}.elementor-widget-image img{vertical-align:middle;display:inline-block}<\/style>\t\t\t\t\t\t\t\t\t\t\t\t<img loading=\"lazy\" decoding=\"async\" width=\"1152\" height=\"864\" src=\"https:\/\/www.ibzacorp.cl\/wp-content\/uploads\/2023\/05\/propiedad-San-Eugenio-Nunoa-2.jpg\" class=\"attachment-full size-full wp-image-927\" alt=\"\" srcset=\"https:\/\/www.ibzacorp.cl\/wp-content\/uploads\/2023\/05\/propiedad-San-Eugenio-Nunoa-2.jpg 1152w, https:\/\/www.ibzacorp.cl\/wp-content\/uploads\/2023\/05\/propiedad-San-Eugenio-Nunoa-2-300x225.jpg 300w, https:\/\/www.ibzacorp.cl\/wp-content\/uploads\/2023\/05\/propiedad-San-Eugenio-Nunoa-2-1024x768.jpg 1024w, https:\/\/www.ibzacorp.cl\/wp-content\/uploads\/2023\/05\/propiedad-San-Eugenio-Nunoa-2-768x576.jpg 768w\" sizes=\"auto, (max-width: 1152px) 100vw, 1152px\" \/>\t\t\t\t\t\t\t\t\t\t\t\t\t\t\t<\/div>\n\t\t\t\t<\/div>\n\t\t\t\t\t<\/div>\n\t\t<\/div>\n\t\t\t\t<div class=\"elementor-column elementor-col-50 elementor-top-column elementor-element elementor-element-2a0f9c9a\" data-id=\"2a0f9c9a\" data-element_type=\"column\">\n\t\t\t<div class=\"elementor-widget-wrap elementor-element-populated\">\n\t\t\t\t\t\t\t\t<div class=\"elementor-element elementor-element-2b9156e0 elementor-widget elementor-widget-image\" data-id=\"2b9156e0\" data-element_type=\"widget\" data-widget_type=\"image.default\">\n\t\t\t\t<div class=\"elementor-widget-container\">\n\t\t\t\t\t\t\t\t\t\t\t\t\t\t\t<img loading=\"lazy\" decoding=\"async\" width=\"1152\" height=\"864\" src=\"https:\/\/www.ibzacorp.cl\/wp-content\/uploads\/2023\/05\/propiedad-San-Eugenio-Nunoa-3.jpg\" class=\"attachment-full size-full wp-image-928\" alt=\"\" srcset=\"https:\/\/www.ibzacorp.cl\/wp-content\/uploads\/2023\/05\/propiedad-San-Eugenio-Nunoa-3.jpg 1152w, https:\/\/www.ibzacorp.cl\/wp-content\/uploads\/2023\/05\/propiedad-San-Eugenio-Nunoa-3-300x225.jpg 300w, https:\/\/www.ibzacorp.cl\/wp-content\/uploads\/2023\/05\/propiedad-San-Eugenio-Nunoa-3-1024x768.jpg 1024w, https:\/\/www.ibzacorp.cl\/wp-content\/uploads\/2023\/05\/propiedad-San-Eugenio-Nunoa-3-768x576.jpg 768w\" sizes=\"auto, (max-width: 1152px) 100vw, 1152px\" \/>\t\t\t\t\t\t\t\t\t\t\t\t\t\t\t<\/div>\n\t\t\t\t<\/div>\n\t\t\t\t\t<\/div>\n\t\t<\/div>\n\t\t\t\t\t\t\t<\/div>\n\t\t<\/section>\n\t\t\t\t<section class=\"elementor-section elementor-top-section elementor-element elementor-element-3ff7941b elementor-section-boxed elementor-section-height-default elementor-section-height-default\" data-id=\"3ff7941b\" data-element_type=\"section\">\n\t\t\t\t\t\t<div class=\"elementor-container elementor-column-gap-default\">\n\t\t\t\t\t<div class=\"elementor-column elementor-col-50 elementor-top-column elementor-element elementor-element-366aaf4f\" data-id=\"366aaf4f\" data-element_type=\"column\">\n\t\t\t<div class=\"elementor-widget-wrap elementor-element-populated\">\n\t\t\t\t\t\t\t\t<div class=\"elementor-element elementor-element-3d2bcfd5 elementor-widget elementor-widget-heading\" data-id=\"3d2bcfd5\" data-element_type=\"widget\" data-widget_type=\"heading.default\">\n\t\t\t\t<div class=\"elementor-widget-container\">\n\t\t\t<h2 class=\"elementor-heading-title elementor-size-default\">Depto San Eugenio \u00d1u\u00f1oa 2D+2B<\/h2>\t\t<\/div>\n\t\t\t\t<\/div>\n\t\t\t\t\t<\/div>\n\t\t<\/div>\n\t\t\t\t<div class=\"elementor-column elementor-col-50 elementor-top-column elementor-element elementor-element-2bc87f12\" data-id=\"2bc87f12\" data-element_type=\"column\">\n\t\t\t<div class=\"elementor-widget-wrap elementor-element-populated\">\n\t\t\t\t\t\t\t\t<section class=\"elementor-section elementor-inner-section elementor-element elementor-element-5f01e5a5 elementor-section-boxed elementor-section-height-default elementor-section-height-default\" data-id=\"5f01e5a5\" data-element_type=\"section\">\n\t\t\t\t\t\t<div class=\"elementor-container elementor-column-gap-default\">\n\t\t\t\t\t<div class=\"elementor-column elementor-col-100 elementor-inner-column elementor-element elementor-element-503c6c99\" data-id=\"503c6c99\" data-element_type=\"column\">\n\t\t\t<div class=\"elementor-widget-wrap\">\n\t\t\t\t\t\t\t\t\t<\/div>\n\t\t<\/div>\n\t\t\t\t\t\t\t<\/div>\n\t\t<\/section>\n\t\t\t\t\t<\/div>\n\t\t<\/div>\n\t\t\t\t\t\t\t<\/div>\n\t\t<\/section>\n\t\t\t\t\t\t\t<\/div>\n\t\t","protected":false},"excerpt":{"rendered":"<p>Depto San Eugenio \u00d1u\u00f1oa 2D+2B \u00d1u\u00f1oa Depto San Eugenio \u00d1u\u00f1oa 2D+2B<\/p>\n","protected":false},"author":1,"featured_media":0,"parent":356,"menu_order":0,"comment_status":"closed","ping_status":"closed","template":"","meta":{"footnotes":""},"class_list":["post-930","page","type-page","status-publish","hentry"],"_links":{"self":[{"href":"https:\/\/www.ibzacorp.cl\/index.php\/wp-json\/wp\/v2\/pages\/930","targetHints":{"allow":["GET"]}}],"collection":[{"href":"https:\/\/www.ibzacorp.cl\/index.php\/wp-json\/wp\/v2\/pages"}],"about":[{"href":"https:\/\/www.ibzacorp.cl\/index.php\/wp-json\/wp\/v2\/types\/page"}],"author":[{"embeddable":true,"href":"https:\/\/www.ibzacorp.cl\/index.php\/wp-json\/wp\/v2\/users\/1"}],"replies":[{"embeddable":true,"href":"https:\/\/www.ibzacorp.cl\/index.php\/wp-json\/wp\/v2\/comments?post=930"}],"version-history":[{"count":5,"href":"https:\/\/www.ibzacorp.cl\/index.php\/wp-json\/wp\/v2\/pages\/930\/revisions"}],"predecessor-version":[{"id":936,"href":"https:\/\/www.ibzacorp.cl\/index.php\/wp-json\/wp\/v2\/pages\/930\/revisions\/936"}],"up":[{"embeddable":true,"href":"https:\/\/www.ibzacorp.cl\/index.php\/wp-json\/wp\/v2\/pages\/356"}],"wp:attachment":[{"href":"https:\/\/www.ibzacorp.cl\/index.php\/wp-json\/wp\/v2\/media?parent=930"}],"curies":[{"name":"wp","href":"https:\/\/api.w.org\/{rel}","templated":true}]}}