{"id":967,"date":"2023-05-31T21:32:14","date_gmt":"2023-06-01T00:32:14","guid":{"rendered":"https:\/\/www.ibzacorp.cl\/?page_id=967"},"modified":"2023-05-31T21:39:51","modified_gmt":"2023-06-01T00:39:51","slug":"se-vende-depto-vicuna-mackenna-669-la-cisterna","status":"publish","type":"page","link":"https:\/\/www.ibzacorp.cl\/index.php\/ventas\/se-vende-depto-vicuna-mackenna-669-la-cisterna\/","title":{"rendered":"Se vende Depto Vicu\u00f1a Mackenna 669, La Cisterna"},"content":{"rendered":"\t\t<div data-elementor-type=\"wp-page\" data-elementor-id=\"967\" class=\"elementor elementor-967\">\n\t\t\t\t\t\t\t\t\t<section class=\"elementor-section elementor-top-section elementor-element elementor-element-3f9c1838 elementor-section-boxed elementor-section-height-default elementor-section-height-default\" data-id=\"3f9c1838\" data-element_type=\"section\" data-settings=\"{&quot;background_background&quot;:&quot;classic&quot;}\">\n\t\t\t\t\t\t\t<div class=\"elementor-background-overlay\"><\/div>\n\t\t\t\t\t\t\t<div class=\"elementor-container elementor-column-gap-default\">\n\t\t\t\t\t<div class=\"elementor-column elementor-col-100 elementor-top-column elementor-element elementor-element-28cb8859\" data-id=\"28cb8859\" data-element_type=\"column\">\n\t\t\t<div class=\"elementor-widget-wrap elementor-element-populated\">\n\t\t\t\t\t\t\t\t<div class=\"elementor-element elementor-element-de62392 elementor-widget elementor-widget-heading\" data-id=\"de62392\" data-element_type=\"widget\" data-widget_type=\"heading.default\">\n\t\t\t\t<div class=\"elementor-widget-container\">\n\t\t\t<style>\/*! elementor - v3.13.3 - 28-05-2023 *\/\n.elementor-heading-title{padding:0;margin:0;line-height:1}.elementor-widget-heading .elementor-heading-title[class*=elementor-size-]>a{color:inherit;font-size:inherit;line-height:inherit}.elementor-widget-heading .elementor-heading-title.elementor-size-small{font-size:15px}.elementor-widget-heading .elementor-heading-title.elementor-size-medium{font-size:19px}.elementor-widget-heading .elementor-heading-title.elementor-size-large{font-size:29px}.elementor-widget-heading .elementor-heading-title.elementor-size-xl{font-size:39px}.elementor-widget-heading .elementor-heading-title.elementor-size-xxl{font-size:59px}<\/style><h2 class=\"elementor-heading-title elementor-size-default\">Se vende Depto Vicu\u00f1a Mackenna 669<\/h2>\t\t<\/div>\n\t\t\t\t<\/div>\n\t\t\t\t<div class=\"elementor-element elementor-element-6e6cbe40 elementor-widget elementor-widget-heading\" data-id=\"6e6cbe40\" data-element_type=\"widget\" data-widget_type=\"heading.default\">\n\t\t\t\t<div class=\"elementor-widget-container\">\n\t\t\t<h6 class=\"elementor-heading-title elementor-size-default\">La Cisterna<\/h6>\t\t<\/div>\n\t\t\t\t<\/div>\n\t\t\t\t\t<\/div>\n\t\t<\/div>\n\t\t\t\t\t\t\t<\/div>\n\t\t<\/section>\n\t\t\t\t<section class=\"elementor-section elementor-top-section elementor-element elementor-element-4c31eaff elementor-section-boxed elementor-section-height-default elementor-section-height-default\" data-id=\"4c31eaff\" data-element_type=\"section\">\n\t\t\t\t\t\t<div class=\"elementor-container elementor-column-gap-default\">\n\t\t\t\t\t<div class=\"elementor-column elementor-col-50 elementor-top-column elementor-element elementor-element-41568954\" data-id=\"41568954\" data-element_type=\"column\">\n\t\t\t<div class=\"elementor-widget-wrap elementor-element-populated\">\n\t\t\t\t\t\t\t\t<div class=\"elementor-element elementor-element-241dd2b2 elementor-widget elementor-widget-image\" data-id=\"241dd2b2\" data-element_type=\"widget\" data-widget_type=\"image.default\">\n\t\t\t\t<div class=\"elementor-widget-container\">\n\t\t\t<style>\/*! elementor - v3.13.3 - 28-05-2023 *\/\n.elementor-widget-image{text-align:center}.elementor-widget-image a{display:inline-block}.elementor-widget-image a img[src$=\".svg\"]{width:48px}.elementor-widget-image img{vertical-align:middle;display:inline-block}<\/style>\t\t\t\t\t\t\t\t\t\t\t\t<img loading=\"lazy\" decoding=\"async\" width=\"1600\" height=\"1200\" src=\"https:\/\/www.ibzacorp.cl\/wp-content\/uploads\/2023\/05\/Se-vende-depto-2D1B-La-Cisterna-en-venta.jpeg\" class=\"attachment-full size-full wp-image-964\" alt=\"\" srcset=\"https:\/\/www.ibzacorp.cl\/wp-content\/uploads\/2023\/05\/Se-vende-depto-2D1B-La-Cisterna-en-venta.jpeg 1600w, https:\/\/www.ibzacorp.cl\/wp-content\/uploads\/2023\/05\/Se-vende-depto-2D1B-La-Cisterna-en-venta-300x225.jpeg 300w, https:\/\/www.ibzacorp.cl\/wp-content\/uploads\/2023\/05\/Se-vende-depto-2D1B-La-Cisterna-en-venta-1024x768.jpeg 1024w, https:\/\/www.ibzacorp.cl\/wp-content\/uploads\/2023\/05\/Se-vende-depto-2D1B-La-Cisterna-en-venta-768x576.jpeg 768w, https:\/\/www.ibzacorp.cl\/wp-content\/uploads\/2023\/05\/Se-vende-depto-2D1B-La-Cisterna-en-venta-1536x1152.jpeg 1536w\" sizes=\"auto, (max-width: 1600px) 100vw, 1600px\" \/>\t\t\t\t\t\t\t\t\t\t\t\t\t\t\t<\/div>\n\t\t\t\t<\/div>\n\t\t\t\t\t<\/div>\n\t\t<\/div>\n\t\t\t\t<div class=\"elementor-column elementor-col-50 elementor-top-column elementor-element elementor-element-59eeb298\" data-id=\"59eeb298\" data-element_type=\"column\">\n\t\t\t<div class=\"elementor-widget-wrap elementor-element-populated\">\n\t\t\t\t\t\t\t\t<div class=\"elementor-element elementor-element-7134036c elementor-widget elementor-widget-image\" data-id=\"7134036c\" data-element_type=\"widget\" data-widget_type=\"image.default\">\n\t\t\t\t<div class=\"elementor-widget-container\">\n\t\t\t\t\t\t\t\t\t\t\t\t\t\t\t<img loading=\"lazy\" decoding=\"async\" width=\"1600\" height=\"1200\" src=\"https:\/\/www.ibzacorp.cl\/wp-content\/uploads\/2023\/05\/propiedad-vicuna-mackenna-669.jpeg\" class=\"attachment-full size-full wp-image-965\" alt=\"\" srcset=\"https:\/\/www.ibzacorp.cl\/wp-content\/uploads\/2023\/05\/propiedad-vicuna-mackenna-669.jpeg 1600w, https:\/\/www.ibzacorp.cl\/wp-content\/uploads\/2023\/05\/propiedad-vicuna-mackenna-669-300x225.jpeg 300w, https:\/\/www.ibzacorp.cl\/wp-content\/uploads\/2023\/05\/propiedad-vicuna-mackenna-669-1024x768.jpeg 1024w, https:\/\/www.ibzacorp.cl\/wp-content\/uploads\/2023\/05\/propiedad-vicuna-mackenna-669-768x576.jpeg 768w, https:\/\/www.ibzacorp.cl\/wp-content\/uploads\/2023\/05\/propiedad-vicuna-mackenna-669-1536x1152.jpeg 1536w\" sizes=\"auto, (max-width: 1600px) 100vw, 1600px\" \/>\t\t\t\t\t\t\t\t\t\t\t\t\t\t\t<\/div>\n\t\t\t\t<\/div>\n\t\t\t\t\t<\/div>\n\t\t<\/div>\n\t\t\t\t\t\t\t<\/div>\n\t\t<\/section>\n\t\t\t\t<section class=\"elementor-section elementor-top-section elementor-element elementor-element-7ef48364 elementor-section-boxed elementor-section-height-default elementor-section-height-default\" data-id=\"7ef48364\" data-element_type=\"section\">\n\t\t\t\t\t\t<div class=\"elementor-container elementor-column-gap-default\">\n\t\t\t\t\t<div class=\"elementor-column elementor-col-50 elementor-top-column elementor-element elementor-element-6c8e04fa\" data-id=\"6c8e04fa\" data-element_type=\"column\">\n\t\t\t<div class=\"elementor-widget-wrap elementor-element-populated\">\n\t\t\t\t\t\t\t\t<div class=\"elementor-element elementor-element-681891d5 elementor-widget elementor-widget-heading\" data-id=\"681891d5\" data-element_type=\"widget\" data-widget_type=\"heading.default\">\n\t\t\t\t<div class=\"elementor-widget-container\">\n\t\t\t<h2 class=\"elementor-heading-title elementor-size-default\">Depto Vicu\u00f1a Mackenna 669, La Cisterna<\/h2>\t\t<\/div>\n\t\t\t\t<\/div>\n\t\t\t\t<div class=\"elementor-element elementor-element-22519656 elementor-widget elementor-widget-text-editor\" data-id=\"22519656\" data-element_type=\"widget\" data-widget_type=\"text-editor.default\">\n\t\t\t\t<div class=\"elementor-widget-container\">\n\t\t\t<style>\/*! elementor - v3.13.3 - 28-05-2023 *\/\n.elementor-widget-text-editor.elementor-drop-cap-view-stacked .elementor-drop-cap{background-color:#69727d;color:#fff}.elementor-widget-text-editor.elementor-drop-cap-view-framed .elementor-drop-cap{color:#69727d;border:3px solid;background-color:transparent}.elementor-widget-text-editor:not(.elementor-drop-cap-view-default) .elementor-drop-cap{margin-top:8px}.elementor-widget-text-editor:not(.elementor-drop-cap-view-default) .elementor-drop-cap-letter{width:1em;height:1em}.elementor-widget-text-editor .elementor-drop-cap{float:left;text-align:center;line-height:1;font-size:50px}.elementor-widget-text-editor .elementor-drop-cap-letter{display:inline-block}<\/style>\t\t\t\t<p><strong>1.756UF precio venta<\/strong><\/p><p>Se vende Departamento en sector tranquilo de la comuna de La Cisterna, ideal para vivir o inversi\u00f3n.<\/p><p>2 Dormitorios + 1 ba\u00f1o, Peque\u00f1o living o sala de estar con piso flotante, cuenta con un balc\u00f3n peque\u00f1o con vista poniente,<br \/>se encuentra en un segundo piso, iluminaci\u00f3n natural en todo el departamento durante todo el d\u00eda y todo el a\u00f1o.<\/p><p>Dormitorio principal cuenta con piso flotante y closet independiente. Segundo dormitorio es amplio, tama\u00f1o ideal para una cama de 1 \u00bd m\u00e1s un escritorio (no cuenta con closet) Cocina americana incluye muebles principales, no incluye cocina para cocinar, el pr\u00f3ximo propietario debe considerar traer o comprar la suya.<\/p><p>Ba\u00f1o principal incluye tina e instalaci\u00f3n para lavadora.<br \/>45mts2 de distribuci\u00f3n total, c\u00f3modo e ideal para vivir en \u00e9l o para una futura inversi\u00f3n.<\/p><p>El departamento se encuentra dentro de un condominio con acceso de excelente seguridad controlado en entrada principal las 24hrs del d\u00eda por conserjes.<\/p><p>Gastos comunes: $45.000.- aprox<\/p><p>NO INCLUYE ESTACIONAMIENTO NI BODEGA.<\/p>\t\t\t\t\t\t<\/div>\n\t\t\t\t<\/div>\n\t\t\t\t<div class=\"elementor-element elementor-element-52eeef3e elementor-widget elementor-widget-heading\" data-id=\"52eeef3e\" data-element_type=\"widget\" data-widget_type=\"heading.default\">\n\t\t\t\t<div class=\"elementor-widget-container\">\n\t\t\t<h2 class=\"elementor-heading-title elementor-size-default\">Sector tranquilo de la comuna de La Cisterna,<\/h2>\t\t<\/div>\n\t\t\t\t<\/div>\n\t\t\t\t<div class=\"elementor-element elementor-element-40286196 elementor-widget elementor-widget-text-editor\" data-id=\"40286196\" data-element_type=\"widget\" data-widget_type=\"text-editor.default\">\n\t\t\t\t<div class=\"elementor-widget-container\">\n\t\t\t\t\t\t\t<p>Propiedad se encuentra ubicada en la comuna de La Cisterna en el sector de Vicu\u00f1a Mackenna.<\/p><p>Posee un buen emplazamiento debido a su buena ubicaci\u00f3n a pocas cuadras de Gran Avenida y autopista Vespucio sur, entorno tranquilo y residencial, cercano a diversos sectores de comercio, supermercados, negocios, centros educacionales y de salud.<\/p><p>Buena disponibilidad de locomoci\u00f3n.<\/p>\t\t\t\t\t\t<\/div>\n\t\t\t\t<\/div>\n\t\t\t\t\t<\/div>\n\t\t<\/div>\n\t\t\t\t<div class=\"elementor-column elementor-col-50 elementor-top-column elementor-element elementor-element-1c44e32a\" data-id=\"1c44e32a\" data-element_type=\"column\">\n\t\t\t<div class=\"elementor-widget-wrap elementor-element-populated\">\n\t\t\t\t\t\t\t\t<section class=\"elementor-section elementor-inner-section elementor-element elementor-element-731a71bf elementor-section-boxed elementor-section-height-default elementor-section-height-default\" data-id=\"731a71bf\" data-element_type=\"section\" data-settings=\"{&quot;background_background&quot;:&quot;classic&quot;}\">\n\t\t\t\t\t\t<div class=\"elementor-container elementor-column-gap-default\">\n\t\t\t\t\t<div class=\"elementor-column elementor-col-100 elementor-inner-column elementor-element elementor-element-301ac04b\" data-id=\"301ac04b\" data-element_type=\"column\">\n\t\t\t<div class=\"elementor-widget-wrap elementor-element-populated\">\n\t\t\t\t\t\t\t\t<div class=\"elementor-element elementor-element-464766bd elementor-widget elementor-widget-heading\" data-id=\"464766bd\" data-element_type=\"widget\" data-widget_type=\"heading.default\">\n\t\t\t\t<div class=\"elementor-widget-container\">\n\t\t\t<h2 class=\"elementor-heading-title elementor-size-default\">Caracter\u00edsticas\n<\/h2>\t\t<\/div>\n\t\t\t\t<\/div>\n\t\t\t\t<div class=\"elementor-element elementor-element-14a4a70b elementor-icon-list--layout-traditional elementor-list-item-link-full_width elementor-widget elementor-widget-icon-list\" data-id=\"14a4a70b\" data-element_type=\"widget\" data-widget_type=\"icon-list.default\">\n\t\t\t\t<div class=\"elementor-widget-container\">\n\t\t\t<link rel=\"stylesheet\" href=\"https:\/\/www.ibzacorp.cl\/wp-content\/plugins\/elementor\/assets\/css\/widget-icon-list.min.css\">\t\t<ul class=\"elementor-icon-list-items\">\n\t\t\t\t\t\t\t<li class=\"elementor-icon-list-item\">\n\t\t\t\t\t\t\t\t\t\t\t<span class=\"elementor-icon-list-icon\">\n\t\t\t\t\t\t\t<i aria-hidden=\"true\" class=\"fas fa-bed\"><\/i>\t\t\t\t\t\t<\/span>\n\t\t\t\t\t\t\t\t\t\t<span class=\"elementor-icon-list-text\">2 Dormitorios<\/span>\n\t\t\t\t\t\t\t\t\t<\/li>\n\t\t\t\t\t\t\t\t<li class=\"elementor-icon-list-item\">\n\t\t\t\t\t\t\t\t\t\t\t<span class=\"elementor-icon-list-icon\">\n\t\t\t\t\t\t\t<i aria-hidden=\"true\" class=\"fas fa-bath\"><\/i>\t\t\t\t\t\t<\/span>\n\t\t\t\t\t\t\t\t\t\t<span class=\"elementor-icon-list-text\">1 Ba\u00f1os<\/span>\n\t\t\t\t\t\t\t\t\t<\/li>\n\t\t\t\t\t\t\t\t<li class=\"elementor-icon-list-item\">\n\t\t\t\t\t\t\t\t\t\t\t<span class=\"elementor-icon-list-icon\">\n\t\t\t\t\t\t\t<i aria-hidden=\"true\" class=\"fas fa-expand\"><\/i>\t\t\t\t\t\t<\/span>\n\t\t\t\t\t\t\t\t\t\t<span class=\"elementor-icon-list-text\">45 mts2<\/span>\n\t\t\t\t\t\t\t\t\t<\/li>\n\t\t\t\t\t\t\t\t<li class=\"elementor-icon-list-item\">\n\t\t\t\t\t\t\t\t\t\t\t<span class=\"elementor-icon-list-icon\">\n\t\t\t\t\t\t\t<i aria-hidden=\"true\" class=\"fas fa-dollar-sign\"><\/i>\t\t\t\t\t\t<\/span>\n\t\t\t\t\t\t\t\t\t\t<span class=\"elementor-icon-list-text\">1.756 UF<\/span>\n\t\t\t\t\t\t\t\t\t<\/li>\n\t\t\t\t\t\t<\/ul>\n\t\t\t\t<\/div>\n\t\t\t\t<\/div>\n\t\t\t\t\t<\/div>\n\t\t<\/div>\n\t\t\t\t\t\t\t<\/div>\n\t\t<\/section>\n\t\t\t\t\t<\/div>\n\t\t<\/div>\n\t\t\t\t\t\t\t<\/div>\n\t\t<\/section>\n\t\t\t\t\t\t\t<\/div>\n\t\t","protected":false},"excerpt":{"rendered":"<p>Se vende Depto Vicu\u00f1a Mackenna 669 La Cisterna Depto Vicu\u00f1a Mackenna 669, La Cisterna 1.756UF precio venta Se vende Departamento en sector tranquilo de la comuna de La Cisterna, ideal para vivir o inversi\u00f3n. 2 Dormitorios + 1 ba\u00f1o, Peque\u00f1o living o sala de estar con piso flotante, cuenta con un balc\u00f3n peque\u00f1o con vista [&hellip;]<\/p>\n","protected":false},"author":1,"featured_media":0,"parent":350,"menu_order":0,"comment_status":"closed","ping_status":"closed","template":"elementor_header_footer","meta":{"footnotes":""},"class_list":["post-967","page","type-page","status-publish","hentry"],"_links":{"self":[{"href":"https:\/\/www.ibzacorp.cl\/index.php\/wp-json\/wp\/v2\/pages\/967","targetHints":{"allow":["GET"]}}],"collection":[{"href":"https:\/\/www.ibzacorp.cl\/index.php\/wp-json\/wp\/v2\/pages"}],"about":[{"href":"https:\/\/www.ibzacorp.cl\/index.php\/wp-json\/wp\/v2\/types\/page"}],"author":[{"embeddable":true,"href":"https:\/\/www.ibzacorp.cl\/index.php\/wp-json\/wp\/v2\/users\/1"}],"replies":[{"embeddable":true,"href":"https:\/\/www.ibzacorp.cl\/index.php\/wp-json\/wp\/v2\/comments?post=967"}],"version-history":[{"count":5,"href":"https:\/\/www.ibzacorp.cl\/index.php\/wp-json\/wp\/v2\/pages\/967\/revisions"}],"predecessor-version":[{"id":1014,"href":"https:\/\/www.ibzacorp.cl\/index.php\/wp-json\/wp\/v2\/pages\/967\/revisions\/1014"}],"up":[{"embeddable":true,"href":"https:\/\/www.ibzacorp.cl\/index.php\/wp-json\/wp\/v2\/pages\/350"}],"wp:attachment":[{"href":"https:\/\/www.ibzacorp.cl\/index.php\/wp-json\/wp\/v2\/media?parent=967"}],"curies":[{"name":"wp","href":"https:\/\/api.w.org\/{rel}","templated":true}]}}